{"id":29616,"date":"2017-02-16T09:16:27","date_gmt":"2017-02-16T08:16:27","guid":{"rendered":"https:\/\/sqills.ch\/services\/"},"modified":"2025-01-14T13:44:56","modified_gmt":"2025-01-14T12:44:56","slug":"services","status":"publish","type":"page","link":"https:\/\/sqills.ch\/de\/services\/","title":{"rendered":"SERVICES"},"content":{"rendered":"\t\t<div data-elementor-type=\"wp-page\" data-elementor-id=\"29616\" class=\"elementor elementor-29616 elementor-28640\" data-elementor-post-type=\"page\">\n\t\t\t\t<div class=\"elementor-element elementor-element-1d3c388d e-flex e-con-boxed e-con e-parent\" data-id=\"1d3c388d\" data-element_type=\"container\" data-e-type=\"container\">\n\t\t\t\t\t<div class=\"e-con-inner\">\n\t\t\t\t<div class=\"elementor-element elementor-element-03df0f9 elementor-widget elementor-widget-heading\" data-id=\"03df0f9\" data-element_type=\"widget\" data-e-type=\"widget\" data-widget_type=\"heading.default\">\n\t\t\t\t<div class=\"elementor-widget-container\">\n\t\t\t\t\t<h1 class=\"elementor-heading-title elementor-size-default\">WAS IST EINE \u00dcBUNGSFIRMA?<\/h1>\t\t\t\t<\/div>\n\t\t\t\t<\/div>\n\t\t\t\t<div class=\"elementor-element elementor-element-b76dddc elementor-widget elementor-widget-spacer\" data-id=\"b76dddc\" data-element_type=\"widget\" data-e-type=\"widget\" data-widget_type=\"spacer.default\">\n\t\t\t\t<div class=\"elementor-widget-container\">\n\t\t\t\t\t\t\t<div class=\"elementor-spacer\">\n\t\t\t<div class=\"elementor-spacer-inner\"><\/div>\n\t\t<\/div>\n\t\t\t\t\t\t<\/div>\n\t\t\t\t<\/div>\n\t\t\t\t<div class=\"elementor-element elementor-element-52aa064 elementor-widget__width-initial elementor-widget elementor-widget-video\" data-id=\"52aa064\" data-element_type=\"widget\" data-e-type=\"widget\" data-settings=\"{&quot;youtube_url&quot;:&quot;https:\\\/\\\/www.youtube.com\\\/watch?v=QwK_ZpNYSx0&amp;t=14s&quot;,&quot;autoplay&quot;:&quot;yes&quot;,&quot;play_on_mobile&quot;:&quot;yes&quot;,&quot;mute&quot;:&quot;yes&quot;,&quot;loop&quot;:&quot;yes&quot;,&quot;video_type&quot;:&quot;youtube&quot;,&quot;controls&quot;:&quot;yes&quot;}\" data-widget_type=\"video.default\">\n\t\t\t\t<div class=\"elementor-widget-container\">\n\t\t\t\t\t\t\t<div class=\"elementor-wrapper elementor-open-inline\">\n\t\t\t<div class=\"elementor-video\"><\/div>\t\t<\/div>\n\t\t\t\t\t\t<\/div>\n\t\t\t\t<\/div>\n\t\t\t\t<div class=\"elementor-element elementor-element-9d39a2 elementor-widget elementor-widget-text-editor\" data-id=\"9d39a2\" data-element_type=\"widget\" data-e-type=\"widget\" data-widget_type=\"text-editor.default\">\n\t\t\t\t<div class=\"elementor-widget-container\">\n\t\t\t\t\t\t\t\t\t<p><span style=\"color: var(--text-color); font-family: var(--gbl-secondary-font); font-size: var(--gbl-body-font-size); font-weight: var( --e-global-typography-text-font-weight ); text-align: var(--text-align);\">Ein Praxisunternehmen ist ein von Praktikanten gef\u00fchrtes Unternehmen, das wie ein echtes Unternehmen funktioniert. Sie bildet die Gesch\u00e4ftsverfahren, Produkte und Dienstleistungen eines realen Unternehmens nach. Eine \u00dcbungsfirma \u00e4hnelt in Form, Organisation und Funktion einem realen Unternehmen.<\/span><\/p>\n<p>Unter der Anleitung eines oder mehrerer Trainer\/Coaches und kommerzieller Mentoren gr\u00fcnden die Studenten und Praktikanten ihre \u00dcbungsfirma aus den folgenden Elementen:<\/p>\n<ul>\n<li>Produktentwicklung<\/li>\n<li>Vertrieb und Verkauf<\/li>\n<li>Marketing und Humanressourcen<\/li>\n<li>Buchhaltung\/Finanzen<\/li>\n<li>Webdesign<\/li>\n<\/ul>\n<p>Als Angestellte der \u00dcbungsfirma sind die Auszubildenden f\u00fcr deren Leistung verantwortlich und entwickeln durch die Methodik des Learning by Doing insbesondere die folgenden F\u00e4higkeiten:<\/p>\n<ul>\n<li>Durchf\u00fchrung von Marktstudien<\/li>\n<li>Marketing und digitales Marketing<\/li>\n<li>Bestandsmanagement<\/li>\n<li>Planung und Logistik<\/li>\n<li>Verkauf von Waren oder Dienstleistungen<\/li>\n<li>Lohn- und Gehaltsabrechnung und alles, was mit den Sozialabgaben zusammenh\u00e4ngt<\/li>\n<\/ul>\n<p>Jedes Unternehmen betreibt sowohl auf nationaler als auch auf internationaler Ebene Handel mit anderen Unternehmen in einem Netz von \u00dcbungsfirmen, wobei es sich an Standardverfahren und Handelsrahmen h\u00e4lt.<\/p>\n<p>Es gibt keinen tats\u00e4chlichen Transfer von G\u00fctern und Geld, aber es finden Handels- und Finanztransaktionen statt, es werden Auftr\u00e4ge erteilt, Rechnungen ausgestellt, Zahlungen geleistet und eine allgemeine und analytische Buchhaltung des Unternehmens eingerichtet.<\/p>\n<p>Es gibt Standardanforderungen an die Ausr\u00fcstung und die Informationstechnologie (Hardware und Software), die erf\u00fcllt werden m\u00fcssen, um ein Trainingsunternehmen zu f\u00fchren. Um die Erfahrung so realistisch wie m\u00f6glich zu gestalten, ist jeder Lernbereich in verschiedene Abschnitte unterteilt, die die verschiedenen Abteilungen eines Unternehmens wie Rezeption, Einkauf, Personalwesen, Buchhaltung und Marketing repr\u00e4sentieren.<\/p>\n<p>Der Ansatz des Praxisunternehmens konzentriert sich auf das Lernen in vier Schl\u00fcsselbereichen durch die Anwendung der Methodik des Lernens durch Praxis:<\/p>\n<ul>\n<li>Eigenverantwortung: Die Teilnehmer \u00fcbernehmen die Verantwortung f\u00fcr ihr eigenes Lernen.<\/li>\n<li>Erfahrung: Das Lernen der Praktikanten ist authentisch und realistisch.<\/li>\n<li>Zusammenarbeit: Die Kursteilnehmer lernen gemeinsam und verstehen die Dynamik der Teamarbeit.<\/li>\n<li>Reflexion: Die Teilnehmer erfahren die Konsequenzen ihrer Entscheidungen und wenden diese Erkenntnisse auf zuk\u00fcnftige Herausforderungen an.<\/li>\n<\/ul>\n\t\t\t\t\t\t\t\t<\/div>\n\t\t\t\t<\/div>\n\t\t\t\t<div class=\"elementor-element elementor-element-53273f7 elementor-align-center elementor-widget elementor-widget-button\" data-id=\"53273f7\" data-element_type=\"widget\" data-e-type=\"widget\" data-widget_type=\"button.default\">\n\t\t\t\t<div class=\"elementor-widget-container\">\n\t\t\t\t\t\t\t\t\t<div class=\"elementor-button-wrapper\">\n\t\t\t\t\t<a class=\"elementor-button elementor-button-link elementor-size-sm\" href=\"https:\/\/penworldwide.org\/\" target=\"_blank\">\n\t\t\t\t\t\t<span class=\"elementor-button-content-wrapper\">\n\t\t\t\t\t\t\t\t\t<span class=\"elementor-button-text\">Weitere Informationen auf der PEN Worldwide Website<\/span>\n\t\t\t\t\t<\/span>\n\t\t\t\t\t<\/a>\n\t\t\t\t<\/div>\n\t\t\t\t\t\t\t\t<\/div>\n\t\t\t\t<\/div>\n\t\t\t\t\t<\/div>\n\t\t\t\t<\/div>\n\t\t\t\t<\/div>\n\t\t","protected":false},"excerpt":{"rendered":"<p>WAS IST EINE \u00dcBUNGSFIRMA? https:\/\/www.youtube.com\/watch?v=QwK_ZpNYSx0&#038;t=14s Ein Praxisunternehmen ist ein von Praktikanten gef\u00fchrtes Unternehmen, das wie ein echtes Unternehmen funktioniert. Sie bildet die Gesch\u00e4ftsverfahren, Produkte und Dienstleistungen eines realen Unternehmens nach. Eine \u00dcbungsfirma \u00e4hnelt in Form, Organisation und Funktion einem realen Unternehmen. Unter der Anleitung eines oder mehrerer Trainer\/Coaches und kommerzieller Mentoren gr\u00fcnden die Studenten und [&hellip;]<\/p>\n","protected":false},"author":0,"featured_media":0,"parent":0,"menu_order":0,"comment_status":"closed","ping_status":"closed","template":"","meta":{"footnotes":""},"class_list":["post-29616","page","type-page","status-publish","hentry"],"_links":{"self":[{"href":"https:\/\/sqills.ch\/de\/wp-json\/wp\/v2\/pages\/29616","targetHints":{"allow":["GET"]}}],"collection":[{"href":"https:\/\/sqills.ch\/de\/wp-json\/wp\/v2\/pages"}],"about":[{"href":"https:\/\/sqills.ch\/de\/wp-json\/wp\/v2\/types\/page"}],"replies":[{"embeddable":true,"href":"https:\/\/sqills.ch\/de\/wp-json\/wp\/v2\/comments?post=29616"}],"version-history":[{"count":1,"href":"https:\/\/sqills.ch\/de\/wp-json\/wp\/v2\/pages\/29616\/revisions"}],"predecessor-version":[{"id":29617,"href":"https:\/\/sqills.ch\/de\/wp-json\/wp\/v2\/pages\/29616\/revisions\/29617"}],"wp:attachment":[{"href":"https:\/\/sqills.ch\/de\/wp-json\/wp\/v2\/media?parent=29616"}],"curies":[{"name":"wp","href":"https:\/\/api.w.org\/{rel}","templated":true}]}}