{"id":29987,"date":"2023-09-20T16:35:57","date_gmt":"2023-09-20T14:35:57","guid":{"rendered":"https:\/\/sqills.ch\/allgemeine-verkaufsbedingungen\/"},"modified":"2026-03-24T15:15:54","modified_gmt":"2026-03-24T14:15:54","slug":"allgemeine-verkaufsbedingungen","status":"publish","type":"page","link":"https:\/\/sqills.ch\/de\/allgemeine-verkaufsbedingungen\/","title":{"rendered":"Allgemeine Verkaufsbedingungen"},"content":{"rendered":"\n<p><strong>Verkaufsbedingungen<\/strong><\/p>\n\n<p>Unsere Rechnungen sind innerhalb von 30 Tagen netto zahlbar. Bei vollst\u00e4ndiger Zahlung innerhalb von 15 Tagen <br\/>gew\u00e4hren wir 3 % Skonto. Der K\u00e4ufer erm\u00e4chtigt sQills, Ausk\u00fcnfte bei Dritten einzuholen. sQills beh\u00e4lt sich das <br\/>Recht vor, Mahngeb\u00fchren zu erheben. Der Mindestbestellwert pro Bestellung betr\u00e4gt CHF 100.\u2013. sQills beh\u00e4lt sich <br\/>das Recht vor, f\u00fcr Bestellungen unter diesem Betrag eine Pauschale zu verrechnen.     <\/p>\n\n<p><strong>Lieferfrist<\/strong><\/p>\n\n<p>Die Lieferfrist betr\u00e4gt 15 Arbeitstage nach Eingang Ihrer Bestellung. Ist die Ware nicht an Lager, erhalten Sie eine <br\/>Auftragsbest\u00e4tigung. Eine Stornierung der Bestellung wird nur schriftlich und im gegenseitigen Einverst\u00e4ndnis <br\/>beider Parteien akzeptiert.  <\/p>\n\n<p><strong>Preis und Versandkosten<\/strong><\/p>\n\n<p>Alle unsere Preise verstehen sich in Schweizer Franken (CHF) inklusive Mehrwertsteuer. Die Versand- und Verpackungskosten gehen zulasten des Kunden und werden auf der Rechnung ausgewiesen. F\u00fcr die Verpackung wird eine Pauschale von CHF 5.\u2013 (inkl. MwSt.) verrechnet.  <\/p>\n\n<p><strong>Reklamationen<\/strong><\/p>\n\n<p>Unsere Rechnungen gelten als Garantieschein \u2013 bitte bewahren Sie sie auf. Sie k\u00f6nnen sich auf unseren Kundendienst verlassen, auch bei Reparaturen ausserhalb der Garantie. Senden Sie Ihre defekten Ger\u00e4te zusammen mit einer Rechnungskopie an unsere Adresse. <\/p>\n\n<p><strong>Garantie<\/strong><\/p>\n\n<p>Unsere Rechnungen gelten als Garantieschein, werfen Sie sie nicht weg! Sie k\u00f6nnen sich auf unseren Kundendienst verlassen, auch bei Reparaturen au\u00dferhalb der Garantiezeit. Schicken Sie Ihre defekten Ger\u00e4te zusammen mit einer Kopie der Rechnung an unsere Adresse.  <\/p>\n\n<p><strong>Bankdaten<\/strong><\/p>\n\n<p>Helvetis Helco Bank<\/p>\n\n<p>Jardini\u00e8re 69 &#8211; 2300 La Chaux-de-Fonds<\/p>\n\n<p>CHF-Konto: C-0517-17<\/p>\n\n<p>IBAN-Konto: CH38440000000000C051717<\/p>\n\n<p><strong>sQills wendet die Bestimmungen des Schweizerischen Versandhandelsverbands an. Die in diesem Katalog <br\/>pr\u00e4sentierten Produkte dienen ausschliesslich Ausbildungszwecken. Sie werden nicht tats\u00e4chlich verkauft.  <\/strong><\/p>\n","protected":false},"excerpt":{"rendered":"<p>Verkaufsbedingungen Unsere Rechnungen sind innerhalb von 30 Tagen netto zahlbar. Bei vollst\u00e4ndiger Zahlung innerhalb von 15 Tagen gew\u00e4hren wir 3 % Skonto. Der K\u00e4ufer erm\u00e4chtigt sQills, Ausk\u00fcnfte bei Dritten einzuholen. sQills beh\u00e4lt sich das Recht vor, Mahngeb\u00fchren zu erheben. Der Mindestbestellwert pro Bestellung betr\u00e4gt CHF 100.\u2013. sQills beh\u00e4lt sich das Recht vor, f\u00fcr Bestellungen unter [&hellip;]<\/p>\n","protected":false},"author":1,"featured_media":0,"parent":0,"menu_order":0,"comment_status":"closed","ping_status":"closed","template":"","meta":{"footnotes":""},"class_list":["post-29987","page","type-page","status-publish","hentry"],"_links":{"self":[{"href":"https:\/\/sqills.ch\/de\/wp-json\/wp\/v2\/pages\/29987","targetHints":{"allow":["GET"]}}],"collection":[{"href":"https:\/\/sqills.ch\/de\/wp-json\/wp\/v2\/pages"}],"about":[{"href":"https:\/\/sqills.ch\/de\/wp-json\/wp\/v2\/types\/page"}],"author":[{"embeddable":true,"href":"https:\/\/sqills.ch\/de\/wp-json\/wp\/v2\/users\/1"}],"replies":[{"embeddable":true,"href":"https:\/\/sqills.ch\/de\/wp-json\/wp\/v2\/comments?post=29987"}],"version-history":[{"count":1,"href":"https:\/\/sqills.ch\/de\/wp-json\/wp\/v2\/pages\/29987\/revisions"}],"predecessor-version":[{"id":29988,"href":"https:\/\/sqills.ch\/de\/wp-json\/wp\/v2\/pages\/29987\/revisions\/29988"}],"wp:attachment":[{"href":"https:\/\/sqills.ch\/de\/wp-json\/wp\/v2\/media?parent=29987"}],"curies":[{"name":"wp","href":"https:\/\/api.w.org\/{rel}","templated":true}]}}