{"id":29770,"date":"2025-02-28T16:20:40","date_gmt":"2025-02-28T15:20:40","guid":{"rendered":"https:\/\/sqills.ch\/produit\/moka-express-rot-bialetti-6-tassen\/"},"modified":"2025-06-06T15:50:18","modified_gmt":"2025-06-06T13:50:18","slug":"moka-express-rot-bialetti-6-tassen","status":"publish","type":"product","link":"https:\/\/sqills.ch\/de\/produit\/moka-express-rot-bialetti-6-tassen\/","title":{"rendered":"Moka Express Rot Bialetti &#8211; 6 Tassen"},"content":{"rendered":"<p>Der ikonische Moka Espresso Bialetti erm\u00f6glicht es Kaffeeliebhabern, den ber\u00fchmten italienischen Espresso zu genie\u00dfen. Mit der Bialetti k\u00f6nnen Sie in wenigen Minuten bis zu 300ml Kaffee zubereiten. Die Kanne ist nicht f\u00fcr Induktionskochfelder geeignet und muss von Hand gereinigt werden.<\/p>\n","protected":false},"excerpt":{"rendered":"<p>Der ikonische Moka Espresso Bialetti erm\u00f6glicht es Kaffeeliebhabern, den ber\u00fchmten italienischen Espresso zu genie\u00dfen.<\/p>\n","protected":false},"featured_media":29595,"template":"","meta":[],"product_brand":[],"product_cat":[63],"product_tag":[],"class_list":{"0":"post-29770","1":"product","2":"type-product","3":"status-publish","4":"has-post-thumbnail","6":"product_cat-home_living","8":"first","9":"instock","10":"taxable","11":"shipping-taxable","12":"purchasable","13":"product-type-simple"},"_links":{"self":[{"href":"https:\/\/sqills.ch\/de\/wp-json\/wp\/v2\/product\/29770","targetHints":{"allow":["GET"]}}],"collection":[{"href":"https:\/\/sqills.ch\/de\/wp-json\/wp\/v2\/product"}],"about":[{"href":"https:\/\/sqills.ch\/de\/wp-json\/wp\/v2\/types\/product"}],"wp:featuredmedia":[{"embeddable":true,"href":"https:\/\/sqills.ch\/de\/wp-json\/wp\/v2\/media\/29595"}],"wp:attachment":[{"href":"https:\/\/sqills.ch\/de\/wp-json\/wp\/v2\/media?parent=29770"}],"wp:term":[{"taxonomy":"product_brand","embeddable":true,"href":"https:\/\/sqills.ch\/de\/wp-json\/wp\/v2\/product_brand?post=29770"},{"taxonomy":"product_cat","embeddable":true,"href":"https:\/\/sqills.ch\/de\/wp-json\/wp\/v2\/product_cat?post=29770"},{"taxonomy":"product_tag","embeddable":true,"href":"https:\/\/sqills.ch\/de\/wp-json\/wp\/v2\/product_tag?post=29770"}],"curies":[{"name":"wp","href":"https:\/\/api.w.org\/{rel}","templated":true}]}}