{"id":29773,"date":"2025-02-28T16:28:58","date_gmt":"2025-02-28T15:28:58","guid":{"rendered":"https:\/\/sqills.ch\/produit\/laessige-socken\/"},"modified":"2026-03-18T13:44:52","modified_gmt":"2026-03-18T12:44:52","slug":"laessige-socken","status":"publish","type":"product","link":"https:\/\/sqills.ch\/de\/produit\/laessige-socken\/","title":{"rendered":"L\u00e4ssige Socken"},"content":{"rendered":"<p>Ihre praktischen Socken f\u00fcr den Sport, den Spaziergang im Park oder gem\u00fctliche Tage auf dem Sofa. Die Socken sind aus Baumwolle, Polyester, Polyamid und Elasthan gefertigt und passen sich angenehm an Ihre Haut an. Der bequeme Rand fixiert sie an den Beinen, so dass sie nicht verrutschen. Die leichte Kompression im Mittelfussbereich sorgt f\u00fcr eine optimale Passform in diesem Bereich. Die Freizeitsocken in den klassischen Farben Schwarz und Grau sind in den Gr\u00f6ssen 3 &#8211; 6 erh\u00e4ltlich.<\/p>\n","protected":false},"excerpt":{"rendered":"<p><span class=\"OYPEnA font-feature-liga-off font-feature-clig-off font-feature-calt-off text-decoration-none text-strikethrough-none\">3er-Pack<\/span><\/p>\n","protected":false},"featured_media":29720,"template":"","meta":[],"product_brand":[],"product_cat":[54],"product_tag":[],"class_list":{"0":"post-29773","1":"product","2":"type-product","3":"status-publish","4":"has-post-thumbnail","6":"product_cat-clothing","8":"first","9":"instock","10":"taxable","11":"shipping-taxable","12":"purchasable","13":"product-type-simple"},"_links":{"self":[{"href":"https:\/\/sqills.ch\/de\/wp-json\/wp\/v2\/product\/29773","targetHints":{"allow":["GET"]}}],"collection":[{"href":"https:\/\/sqills.ch\/de\/wp-json\/wp\/v2\/product"}],"about":[{"href":"https:\/\/sqills.ch\/de\/wp-json\/wp\/v2\/types\/product"}],"wp:featuredmedia":[{"embeddable":true,"href":"https:\/\/sqills.ch\/de\/wp-json\/wp\/v2\/media\/29720"}],"wp:attachment":[{"href":"https:\/\/sqills.ch\/de\/wp-json\/wp\/v2\/media?parent=29773"}],"wp:term":[{"taxonomy":"product_brand","embeddable":true,"href":"https:\/\/sqills.ch\/de\/wp-json\/wp\/v2\/product_brand?post=29773"},{"taxonomy":"product_cat","embeddable":true,"href":"https:\/\/sqills.ch\/de\/wp-json\/wp\/v2\/product_cat?post=29773"},{"taxonomy":"product_tag","embeddable":true,"href":"https:\/\/sqills.ch\/de\/wp-json\/wp\/v2\/product_tag?post=29773"}],"curies":[{"name":"wp","href":"https:\/\/api.w.org\/{rel}","templated":true}]}}