{"id":29777,"date":"2025-02-28T16:19:44","date_gmt":"2025-02-28T15:19:44","guid":{"rendered":"https:\/\/sqills.ch\/produit\/wuerfel-kraeutertee-provence-dantan\/"},"modified":"2026-03-18T14:30:14","modified_gmt":"2026-03-18T13:30:14","slug":"wuerfel-kraeutertee-provence-dantan","status":"publish","type":"product","link":"https:\/\/sqills.ch\/de\/produit\/wuerfel-kraeutertee-provence-dantan\/","title":{"rendered":"W\u00fcrfel Kr\u00e4utertee Provence d&#8217;Antan"},"content":{"rendered":"<p>Sammler-Metallkiste, die den Regalen in Ihrer K\u00fcche neuen Glanz verleiht und Ihre Sinne anregt.<\/p>\n","protected":false},"excerpt":{"rendered":"<p>Sammler-Metallkassette.<\/p>\n","protected":false},"featured_media":29571,"template":"","meta":[],"product_brand":[],"product_cat":[63],"product_tag":[],"class_list":{"0":"post-29777","1":"product","2":"type-product","3":"status-publish","4":"has-post-thumbnail","6":"product_cat-home_living","8":"first","9":"instock","10":"taxable","11":"shipping-taxable","12":"purchasable","13":"product-type-simple"},"_links":{"self":[{"href":"https:\/\/sqills.ch\/de\/wp-json\/wp\/v2\/product\/29777","targetHints":{"allow":["GET"]}}],"collection":[{"href":"https:\/\/sqills.ch\/de\/wp-json\/wp\/v2\/product"}],"about":[{"href":"https:\/\/sqills.ch\/de\/wp-json\/wp\/v2\/types\/product"}],"wp:featuredmedia":[{"embeddable":true,"href":"https:\/\/sqills.ch\/de\/wp-json\/wp\/v2\/media\/29571"}],"wp:attachment":[{"href":"https:\/\/sqills.ch\/de\/wp-json\/wp\/v2\/media?parent=29777"}],"wp:term":[{"taxonomy":"product_brand","embeddable":true,"href":"https:\/\/sqills.ch\/de\/wp-json\/wp\/v2\/product_brand?post=29777"},{"taxonomy":"product_cat","embeddable":true,"href":"https:\/\/sqills.ch\/de\/wp-json\/wp\/v2\/product_cat?post=29777"},{"taxonomy":"product_tag","embeddable":true,"href":"https:\/\/sqills.ch\/de\/wp-json\/wp\/v2\/product_tag?post=29777"}],"curies":[{"name":"wp","href":"https:\/\/api.w.org\/{rel}","templated":true}]}}