{"id":29779,"date":"2025-02-28T16:15:02","date_gmt":"2025-02-28T15:15:02","guid":{"rendered":"https:\/\/sqills.ch\/produit\/fleurolle-box-spezial\/"},"modified":"2025-06-06T15:46:18","modified_gmt":"2025-06-06T13:46:18","slug":"fleurolle-box-spezial","status":"publish","type":"product","link":"https:\/\/sqills.ch\/de\/produit\/fleurolle-box-spezial\/","title":{"rendered":"Fleurolle box Spezial"},"content":{"rendered":"<p>Schweizer Qualit\u00e4t und lebenslange Garantie. Unsere Fleurolles werden in der Schweiz hergestellt und mit gr\u00f6sster Sorgfalt in unseren Werkst\u00e4tten in Lajoux (Schweizer Jura) zusammengestellt. Dieser K\u00e4seschaber ist perfekt f\u00fcr Liebhaber von T\u00eate de Moine. Die Fleurolle sorgt f\u00fcr den perfekten K\u00e4segenuss.<\/p>\n<p>Ein halber T\u00eate de Moine ist im Preis inbegriffen.<\/p>\n<p>&nbsp;<\/p>\n","protected":false},"excerpt":{"rendered":"<p>Unsere Fleurolles werden in der Schweiz hergestellt und mit gr\u00f6sster Sorgfalt in unseren Werkst\u00e4tten in Lajoux (Schweizer Jura) zusammengestellt.<\/p>\n","protected":false},"featured_media":29593,"template":"","meta":[],"product_brand":[],"product_cat":[64],"product_tag":[],"class_list":{"0":"post-29779","1":"product","2":"type-product","3":"status-publish","4":"has-post-thumbnail","6":"product_cat-delicacies","7":"product_shipping_class-weniger-als-2-kg-prioritat","9":"first","10":"instock","11":"taxable","12":"shipping-taxable","13":"purchasable","14":"product-type-simple"},"_links":{"self":[{"href":"https:\/\/sqills.ch\/de\/wp-json\/wp\/v2\/product\/29779","targetHints":{"allow":["GET"]}}],"collection":[{"href":"https:\/\/sqills.ch\/de\/wp-json\/wp\/v2\/product"}],"about":[{"href":"https:\/\/sqills.ch\/de\/wp-json\/wp\/v2\/types\/product"}],"wp:featuredmedia":[{"embeddable":true,"href":"https:\/\/sqills.ch\/de\/wp-json\/wp\/v2\/media\/29593"}],"wp:attachment":[{"href":"https:\/\/sqills.ch\/de\/wp-json\/wp\/v2\/media?parent=29779"}],"wp:term":[{"taxonomy":"product_brand","embeddable":true,"href":"https:\/\/sqills.ch\/de\/wp-json\/wp\/v2\/product_brand?post=29779"},{"taxonomy":"product_cat","embeddable":true,"href":"https:\/\/sqills.ch\/de\/wp-json\/wp\/v2\/product_cat?post=29779"},{"taxonomy":"product_tag","embeddable":true,"href":"https:\/\/sqills.ch\/de\/wp-json\/wp\/v2\/product_tag?post=29779"}],"curies":[{"name":"wp","href":"https:\/\/api.w.org\/{rel}","templated":true}]}}