{"id":29780,"date":"2025-02-28T16:14:12","date_gmt":"2025-02-28T15:14:12","guid":{"rendered":"https:\/\/sqills.ch\/produit\/tete-de-moine-moenchskopf\/"},"modified":"2025-02-28T16:14:12","modified_gmt":"2025-02-28T15:14:12","slug":"tete-de-moine-moenchskopf","status":"publish","type":"product","link":"https:\/\/sqills.ch\/de\/produit\/tete-de-moine-moenchskopf\/","title":{"rendered":"T\u00eate de Moine (M\u00f6nchskopf)"},"content":{"rendered":"<p>Legend\u00e4rer K\u00e4se, der auf Fichtenbrettern gereift ist. Etwa 40 Handgriffe verleihen ihm seinen einzigartigen, intensiven Geschmack und sein reines, aromatisches Bouquet.<\/p>\n<p>Eine Spezialit\u00e4t mit einem d\u00fcnnen, homogenen und cremigen Teig. Ein K\u00e4se, der schnell reift. Die Spezialit\u00e4t von Bellelay. Als Aperitif, bei Festen, als Dekoration, zu Salaten.<\/p>\n","protected":false},"excerpt":{"rendered":"<p>Legend\u00e4rer K\u00e4se, der auf Fichtenbrettern gereift ist.<\/p>\n","protected":false},"featured_media":29591,"template":"","meta":[],"product_brand":[],"product_cat":[64],"product_tag":[],"class_list":{"0":"post-29780","1":"product","2":"type-product","3":"status-publish","4":"has-post-thumbnail","6":"product_cat-delicacies","8":"first","9":"instock","10":"taxable","11":"shipping-taxable","12":"purchasable","13":"product-type-simple"},"_links":{"self":[{"href":"https:\/\/sqills.ch\/de\/wp-json\/wp\/v2\/product\/29780","targetHints":{"allow":["GET"]}}],"collection":[{"href":"https:\/\/sqills.ch\/de\/wp-json\/wp\/v2\/product"}],"about":[{"href":"https:\/\/sqills.ch\/de\/wp-json\/wp\/v2\/types\/product"}],"wp:featuredmedia":[{"embeddable":true,"href":"https:\/\/sqills.ch\/de\/wp-json\/wp\/v2\/media\/29591"}],"wp:attachment":[{"href":"https:\/\/sqills.ch\/de\/wp-json\/wp\/v2\/media?parent=29780"}],"wp:term":[{"taxonomy":"product_brand","embeddable":true,"href":"https:\/\/sqills.ch\/de\/wp-json\/wp\/v2\/product_brand?post=29780"},{"taxonomy":"product_cat","embeddable":true,"href":"https:\/\/sqills.ch\/de\/wp-json\/wp\/v2\/product_cat?post=29780"},{"taxonomy":"product_tag","embeddable":true,"href":"https:\/\/sqills.ch\/de\/wp-json\/wp\/v2\/product_tag?post=29780"}],"curies":[{"name":"wp","href":"https:\/\/api.w.org\/{rel}","templated":true}]}}