{"id":29791,"date":"2023-09-20T14:04:26","date_gmt":"2023-09-20T12:04:26","guid":{"rendered":"https:\/\/sqills.ch\/?post_type=product&#038;p=29791"},"modified":"2026-03-18T15:20:01","modified_gmt":"2026-03-18T14:20:01","slug":"champagner-fondue-4-pers-900g","status":"publish","type":"product","link":"https:\/\/sqills.ch\/de\/produit\/champagner-fondue-4-pers-900g\/","title":{"rendered":"Champagner-Fondue 3 Pers. (600g)"},"content":{"rendered":"<p>Eine k\u00f6stliche hausgemachte Mischung aus T\u00eate de Moine und 3 anderen gut gereiften Bergk\u00e4sesorten.<\/p>\n<p>Dazu wird eine Flasche Mauler Champagner 50cl gereicht, die unter R\u00fchren in die Zubereitung gegeben wird. So erhalten Sie ein cremiges und leichtes Fondue.<\/p>\n","protected":false},"excerpt":{"rendered":"<p>Eine k\u00f6stliche hausgemachte Mischung aus T\u00eate de Moine und 3 anderen gut gereiften Bergk\u00e4sesorten.<\/p>\n","protected":false},"featured_media":29920,"template":"","meta":[],"product_brand":[],"product_cat":[64],"product_tag":[],"class_list":{"0":"post-29791","1":"product","2":"type-product","3":"status-publish","4":"has-post-thumbnail","6":"product_cat-delicacies","8":"first","9":"instock","10":"taxable","11":"shipping-taxable","12":"purchasable","13":"product-type-simple"},"_links":{"self":[{"href":"https:\/\/sqills.ch\/de\/wp-json\/wp\/v2\/product\/29791","targetHints":{"allow":["GET"]}}],"collection":[{"href":"https:\/\/sqills.ch\/de\/wp-json\/wp\/v2\/product"}],"about":[{"href":"https:\/\/sqills.ch\/de\/wp-json\/wp\/v2\/types\/product"}],"wp:featuredmedia":[{"embeddable":true,"href":"https:\/\/sqills.ch\/de\/wp-json\/wp\/v2\/media\/29920"}],"wp:attachment":[{"href":"https:\/\/sqills.ch\/de\/wp-json\/wp\/v2\/media?parent=29791"}],"wp:term":[{"taxonomy":"product_brand","embeddable":true,"href":"https:\/\/sqills.ch\/de\/wp-json\/wp\/v2\/product_brand?post=29791"},{"taxonomy":"product_cat","embeddable":true,"href":"https:\/\/sqills.ch\/de\/wp-json\/wp\/v2\/product_cat?post=29791"},{"taxonomy":"product_tag","embeddable":true,"href":"https:\/\/sqills.ch\/de\/wp-json\/wp\/v2\/product_tag?post=29791"}],"curies":[{"name":"wp","href":"https:\/\/api.w.org\/{rel}","templated":true}]}}