{"id":29946,"date":"2026-03-17T16:33:19","date_gmt":"2026-03-17T15:33:19","guid":{"rendered":"https:\/\/sqills.ch\/produit\/segway-ninebot-zt3-pro-d\/"},"modified":"2026-03-17T16:33:19","modified_gmt":"2026-03-17T15:33:19","slug":"segway-ninebot-zt3-pro-d","status":"publish","type":"product","link":"https:\/\/sqills.ch\/de\/produit\/segway-ninebot-zt3-pro-d\/","title":{"rendered":"Segway-Ninebot ZT3 Pro D"},"content":{"rendered":"<p>Der elektrische Roller Ninebot E-Scooter ZT3 Pro D von SEGWAY ist ein umweltfreundliches und praktisches Transportmittel. Mit einer maximalen Traglast von 120 kg, einer Leistung von 500 W und einer H\u00f6chstgeschwindigkeit von 20 km\/h bringt Sie dieser Elektroroller mit einer einzigen Ladung bis zu 70 km weit. Mit seinen 10,99-Zoll-R\u00e4dern kann er sich an verschiedene Gel\u00e4nde anpassen und Steigungen bis zu 25% bew\u00e4ltigen. Mit einer maximalen Zuladung von 120 kg, einer Leistung von 500 W und einer H\u00f6chstgeschwindigkeit von 20 km\/h k\u00f6nnen Sie mit diesem Elektromobil mit einer einzigen Ladung bis zu 70 km weit fahren. Mit seinen 10,99-Zoll-R\u00e4dern ist er f\u00fcr verschiedene Gel\u00e4nde geeignet und kann Steigungen von bis zu 25% bew\u00e4ltigen.    <\/p>\n","protected":false},"excerpt":{"rendered":"<p>Der elektrische Roller Ninebot E-Scooter ZT3 Pro D von SEGWAY ist ein umweltfreundliches und praktisches Transportmittel.<\/p>\n","protected":false},"featured_media":29913,"template":"","meta":[],"product_brand":[],"product_cat":[66],"product_tag":[],"class_list":{"0":"post-29946","1":"product","2":"type-product","3":"status-publish","4":"has-post-thumbnail","6":"product_cat-technology","8":"first","9":"instock","10":"taxable","11":"shipping-taxable","12":"purchasable","13":"product-type-simple"},"_links":{"self":[{"href":"https:\/\/sqills.ch\/de\/wp-json\/wp\/v2\/product\/29946","targetHints":{"allow":["GET"]}}],"collection":[{"href":"https:\/\/sqills.ch\/de\/wp-json\/wp\/v2\/product"}],"about":[{"href":"https:\/\/sqills.ch\/de\/wp-json\/wp\/v2\/types\/product"}],"wp:featuredmedia":[{"embeddable":true,"href":"https:\/\/sqills.ch\/de\/wp-json\/wp\/v2\/media\/29913"}],"wp:attachment":[{"href":"https:\/\/sqills.ch\/de\/wp-json\/wp\/v2\/media?parent=29946"}],"wp:term":[{"taxonomy":"product_brand","embeddable":true,"href":"https:\/\/sqills.ch\/de\/wp-json\/wp\/v2\/product_brand?post=29946"},{"taxonomy":"product_cat","embeddable":true,"href":"https:\/\/sqills.ch\/de\/wp-json\/wp\/v2\/product_cat?post=29946"},{"taxonomy":"product_tag","embeddable":true,"href":"https:\/\/sqills.ch\/de\/wp-json\/wp\/v2\/product_tag?post=29946"}],"curies":[{"name":"wp","href":"https:\/\/api.w.org\/{rel}","templated":true}]}}