{"id":29947,"date":"2026-01-27T15:56:29","date_gmt":"2026-01-27T14:56:29","guid":{"rendered":"https:\/\/sqills.ch\/produit\/yoga-book-9i-gen-10\/"},"modified":"2026-01-27T15:56:29","modified_gmt":"2026-01-27T14:56:29","slug":"yoga-book-9i-gen-10","status":"publish","type":"product","link":"https:\/\/sqills.ch\/de\/produit\/yoga-book-9i-gen-10\/","title":{"rendered":"Yoga Book 9i Gen 10"},"content":{"rendered":"<p>Mit diesem PC mit zwei Touchscreens erleben Sie eine v\u00f6llig neue Ebene der Interaktion. Verwalten Sie einfach mehrere Fenster, w\u00e4hrend Sie mit einer virtuellen Tastatur und einem Touchpad navigieren. Verwenden Sie den Yoga-Stift, um Ihre Ideen zu skizzieren oder die Bildschirme zu drehen, w\u00e4hrend Sie lesen. Diese individuelle Konfiguration macht Ihren kreativen Weg wirklich einzigartig und inspirierend.   <\/p>\n<p>Mit zwei 14&#8243; PureSight Kunststoff OLED (POLED) Bildschirmen tauchen Sie in die Welt der atemberaubenden Visualisierungen ein. Mit einer Aufl\u00f6sung von 2,8K, einer DCI-P3 Farbgenauigkeit von 100% und adaptiven Bildwiederholraten von 120 Hz bieten diese ultrad\u00fcnnen Bildschirme sowohl realistische Farben als auch eine ultrafl\u00fcssige Bewegung. Das Verh\u00e4ltnis der aktiven Fl\u00e4che von 94 % erm\u00f6glicht Rand-zu-Rand-Bildschirme f\u00fcr eine maximale Anzeigefl\u00e4che.  <\/p>\n","protected":false},"excerpt":{"rendered":"<p>Definieren Sie neu, was Sie k\u00f6nnen, mit KI-gest\u00fctzter Kreativit\u00e4t auf zwei Bildschirmen.<\/p>\n<ul>\n<li>Ein Kraftpaket mit zwei Bildschirmen, schlank und leicht f\u00fcr die Kreativit\u00e4t unterwegs<\/li>\n<li>KI und ma\u00dfgeschneiderte Software sorgen f\u00fcr maximale Produktivit\u00e4t des Doppelbildschirms<\/li>\n<li>PureSight-Bildschirm und 4 Dolby <sup>Atmos\u00ae-Lautsprecher<\/sup><\/li>\n<\/ul>\n","protected":false},"featured_media":30037,"template":"","meta":[],"product_brand":[],"product_cat":[66],"product_tag":[],"class_list":{"0":"post-29947","1":"product","2":"type-product","3":"status-publish","4":"has-post-thumbnail","6":"product_cat-technology","8":"first","9":"instock","10":"taxable","11":"shipping-taxable","12":"purchasable","13":"product-type-simple"},"_links":{"self":[{"href":"https:\/\/sqills.ch\/de\/wp-json\/wp\/v2\/product\/29947","targetHints":{"allow":["GET"]}}],"collection":[{"href":"https:\/\/sqills.ch\/de\/wp-json\/wp\/v2\/product"}],"about":[{"href":"https:\/\/sqills.ch\/de\/wp-json\/wp\/v2\/types\/product"}],"wp:featuredmedia":[{"embeddable":true,"href":"https:\/\/sqills.ch\/de\/wp-json\/wp\/v2\/media\/30037"}],"wp:attachment":[{"href":"https:\/\/sqills.ch\/de\/wp-json\/wp\/v2\/media?parent=29947"}],"wp:term":[{"taxonomy":"product_brand","embeddable":true,"href":"https:\/\/sqills.ch\/de\/wp-json\/wp\/v2\/product_brand?post=29947"},{"taxonomy":"product_cat","embeddable":true,"href":"https:\/\/sqills.ch\/de\/wp-json\/wp\/v2\/product_cat?post=29947"},{"taxonomy":"product_tag","embeddable":true,"href":"https:\/\/sqills.ch\/de\/wp-json\/wp\/v2\/product_tag?post=29947"}],"curies":[{"name":"wp","href":"https:\/\/api.w.org\/{rel}","templated":true}]}}