{"id":29948,"date":"2026-01-27T14:05:55","date_gmt":"2026-01-27T13:05:55","guid":{"rendered":"https:\/\/sqills.ch\/produit\/nintendo-switch-2-konsole-mario-kart-world\/"},"modified":"2026-01-27T14:05:55","modified_gmt":"2026-01-27T13:05:55","slug":"nintendo-switch-2-konsole-mario-kart-world","status":"publish","type":"product","link":"https:\/\/sqills.ch\/de\/produit\/nintendo-switch-2-konsole-mario-kart-world\/","title":{"rendered":"Nintendo Switch 2 Konsole + Mario Kart World"},"content":{"rendered":"<p><strong>Nintendo Switch 2 &#8211; Die n\u00e4chste Generation der Hybridkonsole<\/strong><\/p>\n<p>Tauchen Sie mit der Nintendo Switch 2 in eine neue \u00c4ra des Videospiels ein. Die Hybridkonsole wurde neu gestaltet, um ein noch reichhaltigeres, fl\u00fcssigeres und intensiveres Spielerlebnis zu bieten. Mit ihrem verbesserten Design, der neuen Leistung und dem \u00fcberarbeiteten Zubeh\u00f6r ist sie das ultimative Werkzeug f\u00fcr modernes Gaming, zu Hause und unterwegs. <\/p>\n<p>&nbsp;<\/p>\n<p><strong>Hochwertige visuelle Immersion<\/strong><\/p>\n<p>Die Nintendo Switch 2 hat einen 7,9-Zoll-Full-HD-Bildschirm und zeigt gestochen scharfe Bilder mit lebendigen Farben und einem ausgezeichneten Kontrast. Ob Sie nun im Handheld-Modus spielen, auf einem Tisch liegen oder \u00fcber das Dock mit einem Fernseher verbunden sind, die Konsole passt sich an alle Nutzungsarten an und garantiert dabei eine optimale Bildqualit\u00e4t. <\/p>\n<p>Die 1080p-Aufl\u00f6sung wird von einem neuen Hochleistungsprozessor perfekt genutzt, der f\u00fcr k\u00fcrzere Ladezeiten, gleichbleibende Fl\u00fcssigkeit und verbesserte Reaktionsf\u00e4higkeit auch bei anspruchsvollen Spielen sorgt.<\/p>\n<p>&nbsp;<\/p>\n<p><strong>Leistung, die den Erwartungen entspricht<\/strong><\/p>\n<p>Das Herzst\u00fcck von Switch 2 wurde \u00fcberarbeitet, um den Bed\u00fcrfnissen der anspruchsvollsten Spieler gerecht zu werden. Dank einer leistungsf\u00e4higeren technischen Architektur bietet die Konsole eine verbesserte Grafikverwaltung, eine h\u00f6here Stabilit\u00e4t im Spiel und eine bessere Energieeffizienz. <\/p>\n<p>Es verf\u00fcgt \u00fcber 256 GB internen Speicher, so dass Sie eine gro\u00dfe Anzahl von Titeln herunterladen, speichern und spielen k\u00f6nnen, ohne st\u00e4ndig den verf\u00fcgbaren Speicherplatz verwalten zu m\u00fcssen.<\/p>\n<p>&nbsp;<\/p>\n<p><strong>Modularit\u00e4t f\u00fcr jeden Zweck<\/strong><\/p>\n<p>Die Nintendo Switch 2 beh\u00e4lt das Konzept der Hybridkonsole bei und perfektioniert es. Sie erm\u00f6glicht einen sofortigen Wechsel zwischen den Spielmodi: Handheld, Tisch oder Docking. Das mitgelieferte neue Dock erm\u00f6glicht einen noch schnelleren \u00dcbergang zum Spielen auf dem Fernsehbildschirm.  <\/p>\n<p>Die Joy-Con 2 wurden von Grund auf neu gestaltet: ergonomischeres Design, bessere Griffigkeit, schnellere Reaktionsf\u00e4higkeit und verbesserte Konnektivit\u00e4t. Ob Sie alleine, zu zweit oder im Multiplayer spielen, die Joy-Cons liegen nat\u00fcrlich und angenehm in der Hand. <\/p>\n","protected":false},"excerpt":{"rendered":"<p><strong>Nintendo Switch 2 ist :<\/strong><\/p>\n<ul>\n<li>7,9-Zoll-Full-HD-Bildschirm<\/li>\n<li>1080p-Aufl\u00f6sung und ein neuer Prozessor f\u00fcr mehr Leistung<\/li>\n<li>256 GB interner Speicher<\/li>\n<li>Ergonomische und pr\u00e4zisere Joy-Con 2<\/li>\n<li>Ein neues, verbessertes Dock f\u00fcr die TV-Verbindung<\/li>\n<li>Zwei USB-C-Anschl\u00fcsse f\u00fcr moderne Anschl\u00fcsse<\/li>\n<li>L\u00e4ngere Akkulaufzeit f\u00fcr l\u00e4ngeres Spielen<\/li>\n<li>Volle Kompatibilit\u00e4t mit den Spielen der Nintendo Switch<\/li>\n<\/ul>\n<p>&nbsp;<\/p>\n","protected":false},"featured_media":29909,"template":"","meta":[],"product_brand":[],"product_cat":[66],"product_tag":[],"class_list":{"0":"post-29948","1":"product","2":"type-product","3":"status-publish","4":"has-post-thumbnail","6":"product_cat-technology","8":"first","9":"instock","10":"taxable","11":"shipping-taxable","12":"purchasable","13":"product-type-simple"},"_links":{"self":[{"href":"https:\/\/sqills.ch\/de\/wp-json\/wp\/v2\/product\/29948","targetHints":{"allow":["GET"]}}],"collection":[{"href":"https:\/\/sqills.ch\/de\/wp-json\/wp\/v2\/product"}],"about":[{"href":"https:\/\/sqills.ch\/de\/wp-json\/wp\/v2\/types\/product"}],"wp:featuredmedia":[{"embeddable":true,"href":"https:\/\/sqills.ch\/de\/wp-json\/wp\/v2\/media\/29909"}],"wp:attachment":[{"href":"https:\/\/sqills.ch\/de\/wp-json\/wp\/v2\/media?parent=29948"}],"wp:term":[{"taxonomy":"product_brand","embeddable":true,"href":"https:\/\/sqills.ch\/de\/wp-json\/wp\/v2\/product_brand?post=29948"},{"taxonomy":"product_cat","embeddable":true,"href":"https:\/\/sqills.ch\/de\/wp-json\/wp\/v2\/product_cat?post=29948"},{"taxonomy":"product_tag","embeddable":true,"href":"https:\/\/sqills.ch\/de\/wp-json\/wp\/v2\/product_tag?post=29948"}],"curies":[{"name":"wp","href":"https:\/\/api.w.org\/{rel}","templated":true}]}}