{"id":29949,"date":"2026-01-27T16:06:12","date_gmt":"2026-01-27T15:06:12","guid":{"rendered":"https:\/\/sqills.ch\/produit\/jako-zip-hoodie-pro-casual\/"},"modified":"2026-01-27T16:06:12","modified_gmt":"2026-01-27T15:06:12","slug":"jako-zip-hoodie-pro-casual","status":"publish","type":"product","link":"https:\/\/sqills.ch\/de\/produit\/jako-zip-hoodie-pro-casual\/","title":{"rendered":"JAKO Zip Hoodie Pro Casual"},"content":{"rendered":"<p>Hoodie mit auff\u00e4lligem, gl\u00e4nzendem Rei\u00dfverschluss<br \/>\nMit seinen neutralen Farbt\u00f6nen und dem modernen, sportlichen Schnitt k\u00f6nnen Sie diesen Kapuzenpullover perfekt in Ihrer Freizeit tragen. Das weiche Material ist sehr angenehm auf der Haut. <\/p>\n<p>&nbsp;<\/p>\n","protected":false},"excerpt":{"rendered":"<p>Hoodie mit auff\u00e4lligem, gl\u00e4nzendem Rei\u00dfverschluss<\/p>\n<p>&nbsp;<\/p>\n","protected":false},"featured_media":30034,"template":"","meta":[],"product_brand":[],"product_cat":[54],"product_tag":[],"class_list":{"0":"post-29949","1":"product","2":"type-product","3":"status-publish","4":"has-post-thumbnail","6":"product_cat-clothing","8":"first","9":"instock","10":"taxable","11":"shipping-taxable","12":"purchasable","13":"product-type-simple"},"_links":{"self":[{"href":"https:\/\/sqills.ch\/de\/wp-json\/wp\/v2\/product\/29949","targetHints":{"allow":["GET"]}}],"collection":[{"href":"https:\/\/sqills.ch\/de\/wp-json\/wp\/v2\/product"}],"about":[{"href":"https:\/\/sqills.ch\/de\/wp-json\/wp\/v2\/types\/product"}],"wp:featuredmedia":[{"embeddable":true,"href":"https:\/\/sqills.ch\/de\/wp-json\/wp\/v2\/media\/30034"}],"wp:attachment":[{"href":"https:\/\/sqills.ch\/de\/wp-json\/wp\/v2\/media?parent=29949"}],"wp:term":[{"taxonomy":"product_brand","embeddable":true,"href":"https:\/\/sqills.ch\/de\/wp-json\/wp\/v2\/product_brand?post=29949"},{"taxonomy":"product_cat","embeddable":true,"href":"https:\/\/sqills.ch\/de\/wp-json\/wp\/v2\/product_cat?post=29949"},{"taxonomy":"product_tag","embeddable":true,"href":"https:\/\/sqills.ch\/de\/wp-json\/wp\/v2\/product_tag?post=29949"}],"curies":[{"name":"wp","href":"https:\/\/api.w.org\/{rel}","templated":true}]}}