{"id":29921,"date":"2026-01-27T16:06:12","date_gmt":"2026-01-27T15:06:12","guid":{"rendered":"https:\/\/sqills.ch\/?post_type=product&#038;p=29921"},"modified":"2026-03-24T16:40:59","modified_gmt":"2026-03-24T15:40:59","slug":"jako-zip-hoodie-pro-casual","status":"publish","type":"product","link":"https:\/\/sqills.ch\/en\/produit\/jako-zip-hoodie-pro-casual\/","title":{"rendered":"JAKO Zip hoodie Pro Casual"},"content":{"rendered":"<p>Hoodie avec fermeture \u00e9clair brillante accrocheuse<br \/>\nAvec ses tons neutres et sa coupe moderne et sportive, vous pouvez parfaitement porter ce sweat \u00e0 capuchon pendant votre temps libre. Le mat\u00e9riau doux est tr\u00e8s agr\u00e9able sur la peau.<\/p>\n<p>&nbsp;<\/p>\n","protected":false},"excerpt":{"rendered":"<p>Hoodie avec fermeture \u00e9clair brillante accrocheuse<\/p>\n<p>&nbsp;<\/p>\n","protected":false},"featured_media":30032,"template":"","meta":[],"product_brand":[],"product_cat":[53],"product_tag":[],"class_list":{"0":"post-29921","1":"product","2":"type-product","3":"status-publish","4":"has-post-thumbnail","6":"product_cat-clothing","8":"first","9":"instock","10":"taxable","11":"shipping-taxable","12":"purchasable","13":"product-type-simple"},"_links":{"self":[{"href":"https:\/\/sqills.ch\/en\/wp-json\/wp\/v2\/product\/29921","targetHints":{"allow":["GET"]}}],"collection":[{"href":"https:\/\/sqills.ch\/en\/wp-json\/wp\/v2\/product"}],"about":[{"href":"https:\/\/sqills.ch\/en\/wp-json\/wp\/v2\/types\/product"}],"wp:featuredmedia":[{"embeddable":true,"href":"https:\/\/sqills.ch\/en\/wp-json\/wp\/v2\/media\/30032"}],"wp:attachment":[{"href":"https:\/\/sqills.ch\/en\/wp-json\/wp\/v2\/media?parent=29921"}],"wp:term":[{"taxonomy":"product_brand","embeddable":true,"href":"https:\/\/sqills.ch\/en\/wp-json\/wp\/v2\/product_brand?post=29921"},{"taxonomy":"product_cat","embeddable":true,"href":"https:\/\/sqills.ch\/en\/wp-json\/wp\/v2\/product_cat?post=29921"},{"taxonomy":"product_tag","embeddable":true,"href":"https:\/\/sqills.ch\/en\/wp-json\/wp\/v2\/product_tag?post=29921"}],"curies":[{"name":"wp","href":"https:\/\/api.w.org\/{rel}","templated":true}]}}